{"id":28,"date":"2023-10-16T18:55:06","date_gmt":"2023-10-16T21:55:06","guid":{"rendered":"https:\/\/projetos.diamondpublioficial.com.br\/boutiquekidsfashion\/index.php\/minha-conta\/"},"modified":"2023-10-21T14:05:43","modified_gmt":"2023-10-21T17:05:43","slug":"minha-conta","status":"publish","type":"page","link":"https:\/\/projetos.diamondpublioficial.com.br\/boutiquekidsfashion\/minha-conta\/","title":{"rendered":"Minha conta"},"content":{"rendered":"\t\t<div data-elementor-type=\"wp-page\" data-elementor-id=\"28\" class=\"elementor elementor-28\" data-elementor-post-type=\"page\">\n\t\t\t\t<div class=\"elementor-element elementor-element-c65d222 e-flex e-con-boxed e-con e-parent\" data-id=\"c65d222\" data-element_type=\"container\" data-e-type=\"container\" data-settings=\"{&quot;background_background&quot;:&quot;classic&quot;}\">\n\t\t\t\t\t<div class=\"e-con-inner\">\n\t\t\t\t<div class=\"elementor-element elementor-element-425ffe2 e-my-account-tabs-horizontal elementor-widget elementor-widget-woocommerce-my-account\" data-id=\"425ffe2\" data-element_type=\"widget\" data-e-type=\"widget\" data-widget_type=\"woocommerce-my-account.default\">\n\t\t\t\t<div class=\"elementor-widget-container\">\n\t\t\t\t\t<div class=\"e-my-account-tab e-my-account-tab__ \">\t\t\t<div class=\"woocommerce\"><\/div>\t\t<\/div>\n\t\t\t\t\t\t<\/div>\n\t\t\t\t<\/div>\n\t\t\t\t\t<\/div>\n\t\t\t\t<\/div>\n\t\t\t\t<\/div>\n\t\t","protected":false},"excerpt":{"rendered":"<p>Minha Conta Painel Pedidos Endere\u00e7os Detalhes da Conta Lista de Desejos Sair Painel Pedidos Endere\u00e7os Conta Favoritos Sair Ol\u00e1, diamondpublioficial (n\u00e3o \u00e9 diamondpublioficial? Sair) A partir do painel de controle de sua conta, voc\u00ea pode ver suas compras recentes, gerenciar seus endere\u00e7os de entrega e faturamento, e editar sua senha e detalhes da conta.<\/p>\n","protected":false},"author":1,"featured_media":0,"parent":0,"menu_order":0,"comment_status":"closed","ping_status":"closed","template":"","meta":{"footnotes":""},"class_list":["post-28","page","type-page","status-publish","hentry"],"jetpack_sharing_enabled":true,"_links":{"self":[{"href":"https:\/\/projetos.diamondpublioficial.com.br\/boutiquekidsfashion\/wp-json\/wp\/v2\/pages\/28","targetHints":{"allow":["GET"]}}],"collection":[{"href":"https:\/\/projetos.diamondpublioficial.com.br\/boutiquekidsfashion\/wp-json\/wp\/v2\/pages"}],"about":[{"href":"https:\/\/projetos.diamondpublioficial.com.br\/boutiquekidsfashion\/wp-json\/wp\/v2\/types\/page"}],"author":[{"embeddable":true,"href":"https:\/\/projetos.diamondpublioficial.com.br\/boutiquekidsfashion\/wp-json\/wp\/v2\/users\/1"}],"replies":[{"embeddable":true,"href":"https:\/\/projetos.diamondpublioficial.com.br\/boutiquekidsfashion\/wp-json\/wp\/v2\/comments?post=28"}],"version-history":[{"count":0,"href":"https:\/\/projetos.diamondpublioficial.com.br\/boutiquekidsfashion\/wp-json\/wp\/v2\/pages\/28\/revisions"}],"wp:attachment":[{"href":"https:\/\/projetos.diamondpublioficial.com.br\/boutiquekidsfashion\/wp-json\/wp\/v2\/media?parent=28"}],"curies":[{"name":"wp","href":"https:\/\/api.w.org\/{rel}","templated":true}]}}