{"id":309,"date":"2023-10-17T17:54:41","date_gmt":"2023-10-17T20:54:41","guid":{"rendered":"https:\/\/projetos.diamondpublioficial.com.br\/boutiquekidsfashion\/?post_type=product&#038;p=309"},"modified":"2023-10-17T17:54:41","modified_gmt":"2023-10-17T20:54:41","slug":"body-manga-princesa","status":"publish","type":"product","link":"https:\/\/projetos.diamondpublioficial.com.br\/boutiquekidsfashion\/produto\/body-manga-princesa\/","title":{"rendered":"Body Manga Princesa"},"content":{"rendered":"<p>Vestido feminino confeccionado em tecido plano de algod\u00e3o. A pe\u00e7a tem el\u00e1sticos embutidos na parte posterior que conferem caimento ajustado ao corpo. O comprimento \u00e9 midi com uma fenda frontal. O decote tem recorte que valoriza o busto e n\u00e3o possui bojo. As al\u00e7as s\u00e3o finas com regulagem. O fechamento \u00e9 posterior por z\u00edper. Tem forro feito do mesmo tecido na parte superior.<\/p>\n<p>Composi\u00e7\u00e3o: 100% Algod\u00e3o<\/p>\n<p>OBS: DESCRI\u00c7\u00c3O N\u00c3O OFICIAL,POR SE TRATAR DE UM PRODUTO FICT\u00cdCIO PARA DEMONSTRA\u00c7\u00c3O DE CRIA\u00c7\u00c3O DE SITE!<\/p>\n","protected":false},"excerpt":{"rendered":"<p>Vestido feminino confeccionado em tecido plano de algod\u00e3o. A pe\u00e7a tem el\u00e1sticos embutidos na parte posterior que conferem caimento ajustado ao corpo. O comprimento \u00e9 midi com uma fenda frontal. O decote tem recorte que valoriza o busto e n\u00e3o possui bojo. As al\u00e7as s\u00e3o finas com regulagem. O fechamento \u00e9 posterior por z\u00edper. Tem [&hellip;]<\/p>\n","protected":false},"featured_media":310,"comment_status":"open","ping_status":"closed","template":"","meta":[],"product_brand":[],"product_cat":[45,36],"product_tag":[],"class_list":{"0":"post-309","1":"product","2":"type-product","3":"status-publish","4":"has-post-thumbnail","6":"product_cat-body","7":"product_cat-menina","9":"first","10":"instock","11":"shipping-taxable","12":"purchasable","13":"product-type-variable"},"jetpack_sharing_enabled":true,"_links":{"self":[{"href":"https:\/\/projetos.diamondpublioficial.com.br\/boutiquekidsfashion\/wp-json\/wp\/v2\/product\/309","targetHints":{"allow":["GET"]}}],"collection":[{"href":"https:\/\/projetos.diamondpublioficial.com.br\/boutiquekidsfashion\/wp-json\/wp\/v2\/product"}],"about":[{"href":"https:\/\/projetos.diamondpublioficial.com.br\/boutiquekidsfashion\/wp-json\/wp\/v2\/types\/product"}],"replies":[{"embeddable":true,"href":"https:\/\/projetos.diamondpublioficial.com.br\/boutiquekidsfashion\/wp-json\/wp\/v2\/comments?post=309"}],"wp:featuredmedia":[{"embeddable":true,"href":"https:\/\/projetos.diamondpublioficial.com.br\/boutiquekidsfashion\/wp-json\/wp\/v2\/media\/310"}],"wp:attachment":[{"href":"https:\/\/projetos.diamondpublioficial.com.br\/boutiquekidsfashion\/wp-json\/wp\/v2\/media?parent=309"}],"wp:term":[{"taxonomy":"product_brand","embeddable":true,"href":"https:\/\/projetos.diamondpublioficial.com.br\/boutiquekidsfashion\/wp-json\/wp\/v2\/product_brand?post=309"},{"taxonomy":"product_cat","embeddable":true,"href":"https:\/\/projetos.diamondpublioficial.com.br\/boutiquekidsfashion\/wp-json\/wp\/v2\/product_cat?post=309"},{"taxonomy":"product_tag","embeddable":true,"href":"https:\/\/projetos.diamondpublioficial.com.br\/boutiquekidsfashion\/wp-json\/wp\/v2\/product_tag?post=309"}],"curies":[{"name":"wp","href":"https:\/\/api.w.org\/{rel}","templated":true}]}}